{"id":17,"date":"2020-06-17T13:45:47","date_gmt":"2020-06-17T11:45:47","guid":{"rendered":"https:\/\/scribes-et-dragons.fr\/?page_id=17"},"modified":"2020-07-02T13:34:24","modified_gmt":"2020-07-02T11:34:24","slug":"accueil","status":"publish","type":"page","link":"https:\/\/scribes-et-dragons.fr\/","title":{"rendered":"Accueil"},"content":{"rendered":"<div class=\"col-md-5\">\n<h2>Qu\u2019est-ce que Scribes &amp; Dragons ?<\/h2>\n<p>Il s&rsquo;agit d&rsquo;un label ind\u00e9pendant de production de contenus pour les jeux de la cinqui\u00e8me \u00e9dition du plus c\u00e9l\u00e8bre des jeux de r\u00f4le. Nous vous proposons, au travers de notre newsletter hebdomadaire, des cr\u00e9ations originales, des traductions de contenus non-officiels anglais mais aussi des r\u00e9flexions sur la pratique du jeu.<\/p>\n<p>En vous inscrivant d\u00e8s aujourd&rsquo;hui \u00e0 la newsletter, vous vous assurez de recevoir chaque semaine un contenu gratuit \u00e0 utiliser \u00e0 votre table, que vous soyez joueuses, joueurs ou ma\u00eetres de jeu.<\/p>\n<\/div>\n\n\n<figure class=\"wp-block-image size-large is-resized\"><img src=\"https:\/\/scribes-et-dragons.fr\/wp-content\/uploads\/2020\/06\/Logo-VT-604x1024.png\" alt=\"\" class=\"wp-image-76\" width=\"300\" srcset=\"https:\/\/scribes-et-dragons.fr\/wp-content\/uploads\/2020\/06\/Logo-VT-604x1024.png 604w, https:\/\/scribes-et-dragons.fr\/wp-content\/uploads\/2020\/06\/Logo-VT-177x300.png 177w, https:\/\/scribes-et-dragons.fr\/wp-content\/uploads\/2020\/06\/Logo-VT.png 767w\" sizes=\"(max-width: 604px) 100vw, 604px\" \/><\/figure>\n","protected":false},"excerpt":{"rendered":"<p>Qu\u2019est-ce que Scribes &amp; Dragons ? Il s&rsquo;agit d&rsquo;un label ind\u00e9pendant de production de contenus pour les jeux de la cinqui\u00e8me \u00e9dition du plus c\u00e9l\u00e8bre des jeux de r\u00f4le. Nous vous proposons, au travers de notre newsletter hebdomadaire, des cr\u00e9ations originales, des traductions de contenus non-officiels anglais mais aussi des [&hellip;]<\/p>\n","protected":false},"author":1,"featured_media":0,"parent":0,"menu_order":0,"comment_status":"closed","ping_status":"closed","template":"","meta":[],"_links":{"self":[{"href":"https:\/\/scribes-et-dragons.fr\/index.php\/wp-json\/wp\/v2\/pages\/17"}],"collection":[{"href":"https:\/\/scribes-et-dragons.fr\/index.php\/wp-json\/wp\/v2\/pages"}],"about":[{"href":"https:\/\/scribes-et-dragons.fr\/index.php\/wp-json\/wp\/v2\/types\/page"}],"author":[{"embeddable":true,"href":"https:\/\/scribes-et-dragons.fr\/index.php\/wp-json\/wp\/v2\/users\/1"}],"replies":[{"embeddable":true,"href":"https:\/\/scribes-et-dragons.fr\/index.php\/wp-json\/wp\/v2\/comments?post=17"}],"version-history":[{"count":12,"href":"https:\/\/scribes-et-dragons.fr\/index.php\/wp-json\/wp\/v2\/pages\/17\/revisions"}],"predecessor-version":[{"id":81,"href":"https:\/\/scribes-et-dragons.fr\/index.php\/wp-json\/wp\/v2\/pages\/17\/revisions\/81"}],"wp:attachment":[{"href":"https:\/\/scribes-et-dragons.fr\/index.php\/wp-json\/wp\/v2\/media?parent=17"}],"curies":[{"name":"wp","href":"https:\/\/api.w.org\/{rel}","templated":true}]}}